{"id":11977,"date":"2018-05-09T16:29:51","date_gmt":"2018-05-09T16:29:51","guid":{"rendered":"http:\/\/weallseed.org\/fundacioncinde\/wp2018\/?page_id=11977"},"modified":"2020-06-03T21:06:56","modified_gmt":"2020-06-03T21:06:56","slug":"about-us","status":"publish","type":"page","link":"https:\/\/asociacioncinde.org\/en\/about-us\/","title":{"rendered":"ABOUT US"},"content":{"rendered":"<style type=\"text\/css\"> \n#cmsmasters_row_69e097ff26316 .cmsmasters_row_outer_parent { \n\tpadding-top: 90px; \n} \n\n#cmsmasters_row_69e097ff26316 .cmsmasters_row_outer_parent { \n\tpadding-bottom: 100px; \n} \n\n \n#cmsmasters_heading_69e097ff26645 { \n\ttext-align:center; \n\tmargin-top:30px; \n\tmargin-bottom:0px; \n} \n\n#cmsmasters_heading_69e097ff26645 .cmsmasters_heading { \n\ttext-align:center; \n} \n\n#cmsmasters_heading_69e097ff26645 .cmsmasters_heading, #cmsmasters_heading_69e097ff26645 .cmsmasters_heading a { \n\tfont-size:48px; \n\tfont-weight:300; \n\tfont-style:normal; \n} \n\n#cmsmasters_heading_69e097ff26645 .cmsmasters_heading_divider { \n} \n\n \n#cmsmasters_row_69e097ff266d1 { \n\tbackground-color:#fafafa;\n} \n\n#cmsmasters_row_69e097ff266d1 .cmsmasters_row_outer_parent { \n\tpadding-top: 90px; \n} \n\n#cmsmasters_row_69e097ff266d1 .cmsmasters_row_outer_parent { \n\tpadding-bottom: 100px; \n} \n\n \n#cmsmasters_row_69e097ff26740 { \n\tbackground-color:#ffffff;\n} \n\n#cmsmasters_row_69e097ff26740 .cmsmasters_row_outer_parent { \n\tpadding-top: 0px; \n} \n\n#cmsmasters_row_69e097ff26740 .cmsmasters_row_outer_parent { \n\tpadding-bottom: 0px; \n} \n\n#cmsmasters_row_69e097ff26740 .cmsmasters_row_inner.cmsmasters_row_fullwidth { \n\tpadding-left:0%; \n} \n#cmsmasters_row_69e097ff26740 .cmsmasters_row_inner.cmsmasters_row_fullwidth { \n\tpadding-right:0%; \n} \n \n\n#cmsmasters_fb_69e097ff267c4 { \n\tpadding-top:680px; \n\tpadding-bottom:0px; \n\tbackground-image: url(https:\/\/asociacioncinde.org\/en\/wp-content\/uploads\/2018\/05\/03_placeholder.jpg); \n\tbackground-position: center center; \n\tbackground-repeat: no-repeat; \n\tbackground-attachment: scroll; \n\tbackground-size: cover; \n} \n\n#cmsmasters_fb_69e097ff267c4 .featured_block_inner { \n\twidth: 100%; \n\tpadding: 0; \n\ttext-align: left; \n\tmargin:0 auto; \n} \n\n#cmsmasters_fb_69e097ff267c4 .featured_block_text { \n\ttext-align: left; \n} \n\n \n\n#cmsmasters_fb_69e097ff26991 { \n\tpadding-top:0px; \n\tpadding-bottom:0px; \n\tbackground-color:#ffffff;\n} \n\n#cmsmasters_fb_69e097ff26991 .featured_block_inner { \n\twidth: 90%; \n\tpadding: 18% 13% 15% 6%; \n\ttext-align: left; \n\tmargin:0 auto; \n} \n\n#cmsmasters_fb_69e097ff26991 .featured_block_text { \n\ttext-align: left; \n} \n\n \n#cmsmasters_divider_69e097ff269d1 { \n\tborder-bottom-width:0px; \n\tborder-bottom-style:solid; \n\tpadding-top:15px; \n\tmargin-bottom:0px; \n} \n \n#cmsmasters_row_69e097ff26a01 { \n\tbackground-color:#2b5492;\n} \n\n#cmsmasters_row_69e097ff26a01 .cmsmasters_row_outer_parent { \n\tpadding-top: 40px; \n} \n\n \n#cmsmasters_heading_69e097ff26ac7 { \n\ttext-align:center; \n\tmargin-top:20px; \n\tmargin-bottom:30px; \n} \n\n#cmsmasters_heading_69e097ff26ac7 .cmsmasters_heading { \n\ttext-align:center; \n} \n\n#cmsmasters_heading_69e097ff26ac7 .cmsmasters_heading, #cmsmasters_heading_69e097ff26ac7 .cmsmasters_heading a { \n\tfont-size:48px; \n\tfont-weight:300; \n\tfont-style:normal; \n\tcolor:#ffffff;\n} \n\n#cmsmasters_heading_69e097ff26ac7 .cmsmasters_heading_divider { \n} \n\n \n#cmsmasters_row_69e097ff26aef { \n\tbackground-color:#2b5492;\n} \n\n#cmsmasters_row_69e097ff26aef .cmsmasters_row_outer_parent { \n\tpadding-top: 40px; \n} \n\n#cmsmasters_row_69e097ff26aef .cmsmasters_row_outer_parent { \n\tpadding-bottom: 40px; \n} \n\n \n#cmsmasters_row_69e097ff26bd9 { \n\tbackground-image: url(https:\/\/asociacioncinde.org\/en\/wp-content\/uploads\/2018\/05\/02_placeholder.jpg); \n\tbackground-position: top center; \n\tbackground-repeat: no-repeat; \n\tbackground-attachment: scroll; \n\tbackground-size: cover; \n} \n\n#cmsmasters_row_69e097ff26bd9 .cmsmasters_row_outer_parent { \n\tpadding-top: 50px; \n} \n\n#cmsmasters_row_69e097ff26bd9 .cmsmasters_row_outer_parent { \n\tpadding-bottom: 50px; \n} \n\n#cmsmasters_row_69e097ff26bd9 .cmsmasters_row_overlay { \n\tbackground-color:rgba(255,255,255,0.39);\n} \n\n \n#cmsmasters_heading_69e097ff26e6c { \n\ttext-align:center; \n\tmargin-top:30px; \n\tmargin-bottom:30px; \n} \n\n#cmsmasters_heading_69e097ff26e6c .cmsmasters_heading { \n\ttext-align:center; \n} \n\n#cmsmasters_heading_69e097ff26e6c .cmsmasters_heading, #cmsmasters_heading_69e097ff26e6c .cmsmasters_heading a { \n\tfont-size:48px; \n\tfont-weight:300; \n\tfont-style:normal; \n\tcolor:#2b5492;\n} \n\n#cmsmasters_heading_69e097ff26e6c .cmsmasters_heading_divider { \n} \n\n \n#cmsmasters_heading_69e097ff26f15 { \n\ttext-align:center; \n\tmargin-top:30px; \n\tmargin-bottom:30px; \n} \n\n#cmsmasters_heading_69e097ff26f15 .cmsmasters_heading { \n\ttext-align:center; \n} \n\n#cmsmasters_heading_69e097ff26f15 .cmsmasters_heading, #cmsmasters_heading_69e097ff26f15 .cmsmasters_heading a { \n\tfont-size:48px; \n\tfont-weight:300; \n\tfont-style:normal; \n\tcolor:#2b5492;\n} \n\n#cmsmasters_heading_69e097ff26f15 .cmsmasters_heading_divider { \n} \n\n \n#cmsmasters_row_69e097ff26f61 .cmsmasters_row_outer_parent { \n\tpadding-top: 100px; \n} \n\n#cmsmasters_row_69e097ff26f61 .cmsmasters_row_outer_parent { \n\tpadding-bottom: 0px; \n} \n\n \n#cmsmasters_row_69e097ff27004 .cmsmasters_row_outer_parent { \n\tpadding-top: 20px; \n} \n\n#cmsmasters_row_69e097ff27004 .cmsmasters_row_outer_parent { \n\tpadding-bottom: 20px; \n} \n\n \n#cmsmasters_icon_69e097ff270ba { \n\tdisplay:block; \n\ttext-align:center; } \n\n#cmsmasters_icon_69e097ff270ba .cmsmasters_simple_icon { \n\tborder-width:0px; \n\twidth:120px; \n\theight:120px; \n\tfont-size:60px; \n\tline-height:120px; \n\ttext-align:center; \n\t-webkit-border-radius:50%; \n\tborder-radius:50%; \n\tcolor:#2b5492;} \n \n#cmsmasters_icon_69e097ff27105 { \n\tdisplay:block; \n\ttext-align:center; } \n\n#cmsmasters_icon_69e097ff27105 .cmsmasters_simple_icon { \n\tborder-width:0px; \n\twidth:120px; \n\theight:120px; \n\tfont-size:60px; \n\tline-height:120px; \n\ttext-align:center; \n\t-webkit-border-radius:50%; \n\tborder-radius:50%; \n\tcolor:#2b5492;} \n \n#cmsmasters_icon_69e097ff27145 { \n\tdisplay:block; \n\ttext-align:center; } \n\n#cmsmasters_icon_69e097ff27145 .cmsmasters_simple_icon { \n\tborder-width:0px; \n\twidth:120px; \n\theight:120px; \n\tfont-size:60px; \n\tline-height:120px; \n\ttext-align:center; \n\t-webkit-border-radius:50%; \n\tborder-radius:50%; \n\tcolor:#2b5492;} \n<\/style><div id=\"cmsmasters_row_69e097ff262a2\" class=\"cmsmasters_row cmsmasters_color_scheme_default cmsmasters_row_top_default cmsmasters_row_bot_default cmsmasters_row_boxed\">\n<div class=\"cmsmasters_row_outer_parent\">\n<div class=\"cmsmasters_row_outer\">\n<div class=\"cmsmasters_row_inner\">\n<div class=\"cmsmasters_row_margin\">\n<div class=\"cmsmasters_column one_first\">\n<div class=\"cmsmasters_text\">\n<p>&nbsp;<\/p>\n<\/div>\n<\/div>\n<\/div>\n<\/div>\n<\/div>\n<\/div>\n<\/div>\n<div id=\"cmsmasters_row_69e097ff26316\" class=\"cmsmasters_row cmsmasters_color_scheme_default cmsmasters_row_top_default cmsmasters_row_bot_default cmsmasters_row_boxed\">\n<div class=\"cmsmasters_row_outer_parent\">\n<div class=\"cmsmasters_row_outer\">\n<div class=\"cmsmasters_row_inner\">\n<div class=\"cmsmasters_row_margin\">\n<div class=\"cmsmasters_column one_first\">\n<div class=\"aligncenter\">\n<div class=\"cmsmasters_img  cmsmasters_image_c\">\n<img decoding=\"async\" src=\"https:\/\/asociacioncinde.org\/en\/wp-content\/uploads\/2019\/05\/logo_color_cinde.png\" \/>\n<\/div>\n<\/div>\n\n<div id=\"cmsmasters_heading_69e097ff26645\" class=\"cmsmasters_heading_wrap cmsmasters_heading_align_center\">\n\t<h1 class=\"cmsmasters_heading\">SHAPING THE FUTURE SINCE 1989<\/h1>\n<\/div>\n<\/div>\n<\/div>\n<\/div>\n<\/div>\n<\/div>\n<\/div>\n<div id=\"cmsmasters_row_69e097ff26669\" class=\"cmsmasters_row cmsmasters_color_scheme_default cmsmasters_row_top_default cmsmasters_row_bot_default cmsmasters_row_boxed\">\n<div class=\"cmsmasters_row_outer_parent\">\n<div class=\"cmsmasters_row_outer\">\n<div class=\"cmsmasters_row_inner\">\n<div class=\"cmsmasters_row_margin\">\n<div class=\"cmsmasters_column one_first\">\n<div class=\"cmsmasters_text\">\n<p>&nbsp;<\/p>\n<\/div>\n<\/div>\n<\/div>\n<\/div>\n<\/div>\n<\/div>\n<\/div>\n<div id=\"cmsmasters_row_69e097ff266d1\" class=\"cmsmasters_row cmsmasters_color_scheme_default cmsmasters_row_top_default cmsmasters_row_bot_default cmsmasters_row_boxed\">\n<div class=\"cmsmasters_row_outer_parent\">\n<div class=\"cmsmasters_row_outer\">\n<div class=\"cmsmasters_row_inner\">\n<div class=\"cmsmasters_row_margin\">\n<div class=\"cmsmasters_column one_first\">\n<div class=\"cmsmasters_text\">\n<blockquote>\n<h3 style=\"text-align: center;\"><span style=\"font-weight: 400;\">Asociaci\u00f3n CINDE (Children\u2019s Development Centers) is a <strong>Salvadoran non-profit organization<\/strong>, whose mission is to promote a well-rounded education to children, adolescents, and young adults from excluded social sectors, through diverse actions that favor their integral development. <\/span><\/h3>\n<\/blockquote>\n<\/div>\n<\/div>\n<\/div>\n<\/div>\n<\/div>\n<\/div>\n<\/div>\n<div id=\"cmsmasters_row_69e097ff26740\" class=\"cmsmasters_row cmsmasters_color_scheme_default cmsmasters_row_top_default cmsmasters_row_bot_default cmsmasters_row_fullwidth\">\n<div class=\"cmsmasters_row_outer_parent\">\n<div class=\"cmsmasters_row_outer\">\n<div class=\"cmsmasters_row_inner cmsmasters_row_fullwidth cmsmasters_row_no_margin\">\n<div class=\"cmsmasters_row_margin\">\n<div class=\"cmsmasters_column one_half\">\n<div id=\"cmsmasters_fb_69e097ff267c4\" class=\"cmsmasters_featured_block\">\n<div class=\"featured_block_inner\">\n<div class=\"featured_block_text\"><p><\/p>\n<\/div>\n<\/div>\n<\/div>\n<\/div>\n<div class=\"cmsmasters_column one_half\">\n<div id=\"cmsmasters_fb_69e097ff26991\" class=\"cmsmasters_featured_block\">\n<div class=\"featured_block_inner\">\n<div class=\"featured_block_text\">\n<h1>TODAY<\/h1>\n\n<div id=\"cmsmasters_divider_69e097ff269d1\" class=\"cl\"><\/div>\n<p>Currently, we have programs for children, youth and women in the municipalities of Ayutuxtepeque, Ciudad Delgado, Mejicanos, and Soyapango. These are metropolitan areas of the country\u2019s capital, all with similar characteristics of overpopulation and overcrowding, violence, unemployment, concentration of informal trade in the streets and an absence of childcare programs.<\/p>\n<p>The organization <strong>opened its first Children\u2019s Development Center in 1989<\/strong>, as an alternative for the children of the mothers who are street vendors. These children, aged between 0 and 6 years old, would usually spend the whole day with their mothers selling their products in the streets, due to the lack of public early childhood programs. This meant that they would miss school, hindering their overall development.<\/p>\n<\/div>\n<\/div>\n<\/div>\n<\/div>\n<\/div>\n<\/div>\n<\/div>\n<\/div>\n<\/div>\n<div id=\"cmsmasters_row_69e097ff26a01\" class=\"cmsmasters_row cmsmasters_color_scheme_default cmsmasters_row_top_default cmsmasters_row_bot_default cmsmasters_row_boxed\">\n<div class=\"cmsmasters_row_outer_parent\">\n<div class=\"cmsmasters_row_outer\">\n<div class=\"cmsmasters_row_inner\">\n<div class=\"cmsmasters_row_margin\">\n<div class=\"cmsmasters_column one_first\">\n\n<div id=\"cmsmasters_heading_69e097ff26ac7\" class=\"cmsmasters_heading_wrap cmsmasters_heading_align_center\">\n\t<h1 class=\"cmsmasters_heading\">Origins<\/h1>\n<\/div>\n<\/div>\n<\/div>\n<\/div>\n<\/div>\n<\/div>\n<\/div>\n<div id=\"cmsmasters_row_69e097ff26aef\" class=\"cmsmasters_row cmsmasters_color_scheme_default cmsmasters_row_top_default cmsmasters_row_bot_default cmsmasters_row_boxed\">\n<div class=\"cmsmasters_row_outer_parent\">\n<div class=\"cmsmasters_row_outer\">\n<div class=\"cmsmasters_row_inner\">\n<div class=\"cmsmasters_row_margin\">\n<div class=\"cmsmasters_column one_half\">\n<div class=\"cmsmasters_text\">\n<p style=\"text-align: left;\"><span style=\"color: #ffffff;\"><img loading=\"lazy\" decoding=\"async\" class=\" wp-image-13073 aligncenter\" src=\"http:\/\/weallseed.org\/asociacioncinde2019\/wp-content\/uploads\/2019\/04\/logo_cinde_white1-300x180.png\" alt=\"\" width=\"162\" height=\"97\" srcset=\"https:\/\/asociacioncinde.org\/en\/wp-content\/uploads\/2019\/04\/logo_cinde_white1-300x180.png 300w, https:\/\/asociacioncinde.org\/en\/wp-content\/uploads\/2019\/04\/logo_cinde_white1-768x460.png 768w, https:\/\/asociacioncinde.org\/en\/wp-content\/uploads\/2019\/04\/logo_cinde_white1-1024x614.png 1024w, https:\/\/asociacioncinde.org\/en\/wp-content\/uploads\/2019\/04\/logo_cinde_white1-860x515.png 860w, https:\/\/asociacioncinde.org\/en\/wp-content\/uploads\/2019\/04\/logo_cinde_white1-580x348.png 580w, https:\/\/asociacioncinde.org\/en\/wp-content\/uploads\/2019\/04\/logo_cinde_white1-1160x695.png 1160w, https:\/\/asociacioncinde.org\/en\/wp-content\/uploads\/2019\/04\/logo_cinde_white1-1440x863.png 1440w\" sizes=\"auto, (max-width: 162px) 100vw, 162px\" \/><\/span><\/p>\n<p style=\"text-align: left;\"><span style=\"color: #ffffff;\">CINDE (Children\u2019s Development Centers) was created in the year 1989, under the sponsorship of Asociaci\u00f3n Fe y Alegr\u00eda (Association Faith and Happiness), in view of the living conditions of the women street vendors. On a daily basis, these women take to the streets to make precarious sales, keeping with them their young children in very adverse conditions for their development.<\/span><\/p>\n<p style=\"text-align: left;\"><span style=\"color: #ffffff;\">In view of this situation, in April of 1989, Marisa de Martinez (director of the organization) together with Father Joaqu\u00edn L\u00f3pez y L\u00f3pez, one of the six Jesuit priests who were assassinated just a few months after in a local university in El Salvador, opened the first Children\u2019s Development Center in Soyapango (Metropolitan Area of San Salvador) as a project within Fe y Alegr\u00eda (Faith and Happiness). Two other centers were created after this: one in Mejicanos in 1991, and the other in Zacamil in 1995.<\/span><\/p>\n<\/div>\n<\/div>\n<div class=\"cmsmasters_column one_half\">\n<div class=\"cmsmasters_text\">\n<p><span style=\"color: #ffffff;\">In 1994, the School Reinforcement program was launched, where children could go in the afternoon to receive educational support and to be able to do their homework in a suitable environment. Once this stage was fully underway, another was created in 2006 for the boys and girls who wanted to continue studying but did not have the resources to do so. This led to the beginning of the Secondary Education and University Scholarship program.<\/span><\/p>\n<p><span style=\"color: #ffffff;\">Since the beginning of CINDE, the necessity to work with the mothers and fathers to reduce the levels of interfamilial violence became apparent. This led to the creation of the Shaping the Future program. At the same time, CINDE launched a series of programs aimed at improving the lives of female street vendors. These included artisanal workshops, solidarity banks and micro-lending, support groups and many other alternatives, now known as Mujeres Empoderadas (Empowered Women).<\/span><\/p>\n<p><span style=\"color: #ffffff;\">Given the diversity of the programs that were being carried out, CINDE decided to legally separate itself from Fe y Alegr\u00eda (Faith and Happiness) on November 20 2003. From that point Asociaci\u00f3n CINDE was legally constituted as a non-profit that combined the aforementioned components.<\/span><\/p>\n<\/div>\n<\/div>\n<\/div>\n<\/div>\n<\/div>\n<\/div>\n<\/div>\n<div id=\"cmsmasters_row_69e097ff26bd9\" class=\"cmsmasters_row cmsmasters_color_scheme_default cmsmasters_row_top_default cmsmasters_row_bot_default cmsmasters_row_boxed\">\n<div class=\"cmsmasters_row_outer_parent\">\n<div class=\"cmsmasters_row_overlay\"><\/div>\n<div class=\"cmsmasters_row_outer\">\n<div class=\"cmsmasters_row_inner\">\n<div class=\"cmsmasters_row_margin\">\n<div class=\"cmsmasters_column one_first\">\n\n<div id=\"cmsmasters_heading_69e097ff26e6c\" class=\"cmsmasters_heading_wrap cmsmasters_heading_align_center\">\n\t<h1 class=\"cmsmasters_heading\">MISSION<\/h1>\n<\/div><div class=\"cmsmasters_text\">\n<p style=\"text-align: center;\"><span style=\"color: #2b5492;\">To promote a well-rounded education to children and young people from marginalized social sectors, providing them with appropriate stimulation for their age, educational programs and training with human values that lay firm foundations for their lives.<\/span><\/p>\n<p style=\"text-align: center;\"><span style=\"color: #2b5492;\">To offer adults the opportunity to value their roles as mothers\/fathers. This is done through a series of actions aimed at strengthening their self-esteem, acquiring knowledge that helps them to correctly play their role as counselors and motivating their conscious participation in social processes that benefit childhood.<\/span><\/p>\n<\/div>\n\n<div id=\"cmsmasters_heading_69e097ff26f15\" class=\"cmsmasters_heading_wrap cmsmasters_heading_align_center\">\n\t<h1 class=\"cmsmasters_heading\">VISION<\/h1>\n<\/div><div class=\"cmsmasters_text\">\n<p style=\"text-align: center;\"><span style=\"color: #2b5492;\">To be an educational entity, which is innovative and committed to social change, that supports and promotes processes of development among the excluded social sectors, and is a reference for policies of integral attention to children and adolescents of those sectors.<\/span><\/p>\n<\/div>\n<\/div>\n<\/div>\n<\/div>\n<\/div>\n<\/div>\n<\/div>\n<div id=\"cmsmasters_row_69e097ff26f61\" class=\"cmsmasters_row cmsmasters_color_scheme_first cmsmasters_row_top_default cmsmasters_row_bot_default cmsmasters_row_boxed\">\n<div class=\"cmsmasters_row_outer_parent\">\n<div class=\"cmsmasters_row_outer\">\n<div class=\"cmsmasters_row_inner\">\n<div class=\"cmsmasters_row_margin\">\n<div class=\"cmsmasters_column one_first\">\n<div class=\"cmsmasters_sidebar sidebar_layout_14141414\"><div class=\"cl\"><\/div>\n<\/div>\n<\/div>\n<\/div>\n<\/div>\n<\/div>\n<\/div>\n<\/div>\n<div id=\"cmsmasters_row_69e097ff27004\" class=\"cmsmasters_row cmsmasters_color_scheme_first cmsmasters_row_top_default cmsmasters_row_bot_default cmsmasters_row_boxed\">\n<div class=\"cmsmasters_row_outer_parent\">\n<div class=\"cmsmasters_row_outer\">\n<div class=\"cmsmasters_row_inner\">\n<div class=\"cmsmasters_row_margin\">\n<div class=\"cmsmasters_column one_first\">\n<div class=\"cmsmasters_sidebar sidebar_layout_131313\"><aside id=\"text-4\" class=\"widget widget_text\">\t\t\t<div class=\"textwidget\">\n<div id=\"cmsmasters_icon_69e097ff270ba\" class=\"cmsmasters_icon_wrap\"><span class=\"cmsmasters_simple_icon cmsmasters-icon-phone-alt\"><\/span><\/div>\n\r\n<p style=\"text-align: center; font-size: 18px;\">+(503) 2282-2600<\/p><\/div>\n\t\t<\/aside><aside id=\"text-5\" class=\"widget widget_text\">\t\t\t<div class=\"textwidget\">\n<div id=\"cmsmasters_icon_69e097ff27105\" class=\"cmsmasters_icon_wrap\"><span class=\"cmsmasters_simple_icon cmsmasters-icon-location-3\"><\/span><\/div>\n\r\n<p style=\"text-align: center; font-size: 18px;\">Colonia Buenos Aires, Calle Berl\u00edn 220. San Salvador, El Salvador.<\/p><\/div>\n\t\t<\/aside><aside id=\"text-6\" class=\"widget widget_text\">\t\t\t<div class=\"textwidget\">\n<div id=\"cmsmasters_icon_69e097ff27145\" class=\"cmsmasters_icon_wrap\"><span class=\"cmsmasters_simple_icon cmsmasters-icon-mail-3\"><\/span><\/div>\n\r\n<p style=\"text-align: center; font-size: 18px;\">info@asociacioncinde.org<\/p><\/div>\n\t\t<\/aside><div class=\"cl\"><\/div>\n<\/div>\n<\/div>\n<\/div>\n<\/div>\n<\/div>\n<\/div>\n<\/div>\n\n","protected":false},"excerpt":{"rendered":"","protected":false},"author":1,"featured_media":0,"parent":0,"menu_order":0,"comment_status":"closed","ping_status":"closed","template":"","meta":{"footnotes":""},"class_list":["post-11977","page","type-page","status-publish","hentry"],"yoast_head":"<!-- This site is optimized with the Yoast SEO plugin v26.4 - https:\/\/yoast.com\/wordpress\/plugins\/seo\/ -->\n<title>ABOUT US - ASOCIACI\u00d3N CINDE<\/title>\n<meta name=\"robots\" content=\"index, follow, max-snippet:-1, max-image-preview:large, max-video-preview:-1\" \/>\n<link rel=\"canonical\" href=\"https:\/\/asociacioncinde.org\/en\/about-us\/\" \/>\n<meta property=\"og:locale\" content=\"es_ES\" \/>\n<meta property=\"og:type\" content=\"article\" \/>\n<meta property=\"og:title\" content=\"ABOUT US - ASOCIACI\u00d3N CINDE\" \/>\n<meta property=\"og:url\" content=\"https:\/\/asociacioncinde.org\/en\/about-us\/\" \/>\n<meta property=\"og:site_name\" content=\"ASOCIACI\u00d3N CINDE\" \/>\n<meta property=\"article:modified_time\" content=\"2020-06-03T21:06:56+00:00\" \/>\n<meta property=\"og:image\" content=\"http:\/\/weallseed.org\/asociacioncinde2019\/wp-content\/uploads\/2019\/04\/logo_cinde_white1-300x180.png\" \/>\n<meta name=\"twitter:card\" content=\"summary_large_image\" \/>\n<meta name=\"twitter:label1\" content=\"Tiempo de lectura\" \/>\n\t<meta name=\"twitter:data1\" content=\"6 minutos\" \/>\n<script type=\"application\/ld+json\" class=\"yoast-schema-graph\">{\"@context\":\"https:\/\/schema.org\",\"@graph\":[{\"@type\":\"WebPage\",\"@id\":\"https:\/\/asociacioncinde.org\/en\/about-us\/\",\"url\":\"https:\/\/asociacioncinde.org\/en\/about-us\/\",\"name\":\"ABOUT US - ASOCIACI\u00d3N CINDE\",\"isPartOf\":{\"@id\":\"https:\/\/asociacioncinde.org\/en\/#website\"},\"primaryImageOfPage\":{\"@id\":\"https:\/\/asociacioncinde.org\/en\/about-us\/#primaryimage\"},\"image\":{\"@id\":\"https:\/\/asociacioncinde.org\/en\/about-us\/#primaryimage\"},\"thumbnailUrl\":\"http:\/\/weallseed.org\/asociacioncinde2019\/wp-content\/uploads\/2019\/04\/logo_cinde_white1-300x180.png\",\"datePublished\":\"2018-05-09T16:29:51+00:00\",\"dateModified\":\"2020-06-03T21:06:56+00:00\",\"breadcrumb\":{\"@id\":\"https:\/\/asociacioncinde.org\/en\/about-us\/#breadcrumb\"},\"inLanguage\":\"es\",\"potentialAction\":[{\"@type\":\"ReadAction\",\"target\":[\"https:\/\/asociacioncinde.org\/en\/about-us\/\"]}]},{\"@type\":\"ImageObject\",\"inLanguage\":\"es\",\"@id\":\"https:\/\/asociacioncinde.org\/en\/about-us\/#primaryimage\",\"url\":\"http:\/\/weallseed.org\/asociacioncinde2019\/wp-content\/uploads\/2019\/04\/logo_cinde_white1-300x180.png\",\"contentUrl\":\"http:\/\/weallseed.org\/asociacioncinde2019\/wp-content\/uploads\/2019\/04\/logo_cinde_white1-300x180.png\"},{\"@type\":\"BreadcrumbList\",\"@id\":\"https:\/\/asociacioncinde.org\/en\/about-us\/#breadcrumb\",\"itemListElement\":[{\"@type\":\"ListItem\",\"position\":1,\"name\":\"Home\",\"item\":\"https:\/\/asociacioncinde.org\/en\/\"},{\"@type\":\"ListItem\",\"position\":2,\"name\":\"ABOUT US\"}]},{\"@type\":\"WebSite\",\"@id\":\"https:\/\/asociacioncinde.org\/en\/#website\",\"url\":\"https:\/\/asociacioncinde.org\/en\/\",\"name\":\"ASOCIACI\u00d3N CINDE\",\"description\":\"El Salvador\",\"potentialAction\":[{\"@type\":\"SearchAction\",\"target\":{\"@type\":\"EntryPoint\",\"urlTemplate\":\"https:\/\/asociacioncinde.org\/en\/?s={search_term_string}\"},\"query-input\":{\"@type\":\"PropertyValueSpecification\",\"valueRequired\":true,\"valueName\":\"search_term_string\"}}],\"inLanguage\":\"es\"}]}<\/script>\n<!-- \/ Yoast SEO plugin. -->","yoast_head_json":{"title":"ABOUT US - ASOCIACI\u00d3N CINDE","robots":{"index":"index","follow":"follow","max-snippet":"max-snippet:-1","max-image-preview":"max-image-preview:large","max-video-preview":"max-video-preview:-1"},"canonical":"https:\/\/asociacioncinde.org\/en\/about-us\/","og_locale":"es_ES","og_type":"article","og_title":"ABOUT US - ASOCIACI\u00d3N CINDE","og_url":"https:\/\/asociacioncinde.org\/en\/about-us\/","og_site_name":"ASOCIACI\u00d3N CINDE","article_modified_time":"2020-06-03T21:06:56+00:00","og_image":[{"url":"http:\/\/weallseed.org\/asociacioncinde2019\/wp-content\/uploads\/2019\/04\/logo_cinde_white1-300x180.png","type":"","width":"","height":""}],"twitter_card":"summary_large_image","twitter_misc":{"Tiempo de lectura":"6 minutos"},"schema":{"@context":"https:\/\/schema.org","@graph":[{"@type":"WebPage","@id":"https:\/\/asociacioncinde.org\/en\/about-us\/","url":"https:\/\/asociacioncinde.org\/en\/about-us\/","name":"ABOUT US - ASOCIACI\u00d3N CINDE","isPartOf":{"@id":"https:\/\/asociacioncinde.org\/en\/#website"},"primaryImageOfPage":{"@id":"https:\/\/asociacioncinde.org\/en\/about-us\/#primaryimage"},"image":{"@id":"https:\/\/asociacioncinde.org\/en\/about-us\/#primaryimage"},"thumbnailUrl":"http:\/\/weallseed.org\/asociacioncinde2019\/wp-content\/uploads\/2019\/04\/logo_cinde_white1-300x180.png","datePublished":"2018-05-09T16:29:51+00:00","dateModified":"2020-06-03T21:06:56+00:00","breadcrumb":{"@id":"https:\/\/asociacioncinde.org\/en\/about-us\/#breadcrumb"},"inLanguage":"es","potentialAction":[{"@type":"ReadAction","target":["https:\/\/asociacioncinde.org\/en\/about-us\/"]}]},{"@type":"ImageObject","inLanguage":"es","@id":"https:\/\/asociacioncinde.org\/en\/about-us\/#primaryimage","url":"http:\/\/weallseed.org\/asociacioncinde2019\/wp-content\/uploads\/2019\/04\/logo_cinde_white1-300x180.png","contentUrl":"http:\/\/weallseed.org\/asociacioncinde2019\/wp-content\/uploads\/2019\/04\/logo_cinde_white1-300x180.png"},{"@type":"BreadcrumbList","@id":"https:\/\/asociacioncinde.org\/en\/about-us\/#breadcrumb","itemListElement":[{"@type":"ListItem","position":1,"name":"Home","item":"https:\/\/asociacioncinde.org\/en\/"},{"@type":"ListItem","position":2,"name":"ABOUT US"}]},{"@type":"WebSite","@id":"https:\/\/asociacioncinde.org\/en\/#website","url":"https:\/\/asociacioncinde.org\/en\/","name":"ASOCIACI\u00d3N CINDE","description":"El Salvador","potentialAction":[{"@type":"SearchAction","target":{"@type":"EntryPoint","urlTemplate":"https:\/\/asociacioncinde.org\/en\/?s={search_term_string}"},"query-input":{"@type":"PropertyValueSpecification","valueRequired":true,"valueName":"search_term_string"}}],"inLanguage":"es"}]}},"_links":{"self":[{"href":"https:\/\/asociacioncinde.org\/en\/wp-json\/wp\/v2\/pages\/11977","targetHints":{"allow":["GET"]}}],"collection":[{"href":"https:\/\/asociacioncinde.org\/en\/wp-json\/wp\/v2\/pages"}],"about":[{"href":"https:\/\/asociacioncinde.org\/en\/wp-json\/wp\/v2\/types\/page"}],"author":[{"embeddable":true,"href":"https:\/\/asociacioncinde.org\/en\/wp-json\/wp\/v2\/users\/1"}],"replies":[{"embeddable":true,"href":"https:\/\/asociacioncinde.org\/en\/wp-json\/wp\/v2\/comments?post=11977"}],"version-history":[{"count":91,"href":"https:\/\/asociacioncinde.org\/en\/wp-json\/wp\/v2\/pages\/11977\/revisions"}],"predecessor-version":[{"id":13984,"href":"https:\/\/asociacioncinde.org\/en\/wp-json\/wp\/v2\/pages\/11977\/revisions\/13984"}],"wp:attachment":[{"href":"https:\/\/asociacioncinde.org\/en\/wp-json\/wp\/v2\/media?parent=11977"}],"curies":[{"name":"wp","href":"https:\/\/api.w.org\/{rel}","templated":true}]}}